{"id":10560,"date":"2025-08-18T08:53:58","date_gmt":"2025-08-18T06:53:58","guid":{"rendered":"https:\/\/danblumen.com\/nominierungen-auszeichnungen-und-spenden\/"},"modified":"2025-10-08T07:29:30","modified_gmt":"2025-10-08T05:29:30","slug":"nominierungen-auszeichnungen-und-spenden","status":"publish","type":"page","link":"https:\/\/danblumen.com\/de\/nominierungen-auszeichnungen-und-spenden\/","title":{"rendered":"Nominierungen \u2013 Auszeichnungen und Spenden"},"content":{"rendered":"\t\t<div data-elementor-type=\"wp-page\" data-elementor-id=\"10560\" class=\"elementor elementor-10560 elementor-9594\" data-elementor-post-type=\"page\">\n\t\t\t\t<div class=\"elementor-element elementor-element-196dbe75 e-con-full no-padding e-flex e-con e-parent\" data-id=\"196dbe75\" data-element_type=\"container\">\n\t\t\t\t<div class=\"elementor-element elementor-element-34753225 elementor-widget elementor-widget-template\" data-id=\"34753225\" data-element_type=\"widget\" data-widget_type=\"template.default\">\n\t\t\t\t<div class=\"elementor-widget-container\">\n\t\t\t\t\t\t\t<div class=\"elementor-template\">\n\t\t\t\t\t<div data-elementor-type=\"container\" data-elementor-id=\"10571\" class=\"elementor elementor-10571 elementor-6563\" data-elementor-post-type=\"elementor_library\">\n\t\t\t\t<div class=\"elementor-element elementor-element-6b499f1f e-con-full no-padding e-flex e-con e-parent\" data-id=\"6b499f1f\" data-element_type=\"container\" data-settings=\"{&quot;background_background&quot;:&quot;classic&quot;}\">\n\t\t\t\t<div class=\"elementor-element elementor-element-1ecbb66 elementor-widget elementor-widget-template\" data-id=\"1ecbb66\" data-element_type=\"widget\" data-widget_type=\"template.default\">\n\t\t\t\t<div class=\"elementor-widget-container\">\n\t\t\t\t\t\t\t<div class=\"elementor-template\">\n\t\t\t\t\t<div data-elementor-type=\"container\" data-elementor-id=\"10580\" class=\"elementor elementor-10580 elementor-6542\" data-elementor-post-type=\"elementor_library\">\n\t\t\t\t<div class=\"elementor-element elementor-element-50a9782 white e-flex e-con-boxed e-con e-parent\" data-id=\"50a9782\" data-element_type=\"container\" data-settings=\"{&quot;background_background&quot;:&quot;classic&quot;}\">\n\t\t\t\t\t<div class=\"e-con-inner\">\n\t\t<div class=\"elementor-element elementor-element-850a903 e-con-full e-flex e-con e-child\" data-id=\"850a903\" data-element_type=\"container\">\n\t\t\t\t<div class=\"elementor-element elementor-element-44b1eb2 prehead elementor-widget elementor-widget-text-editor\" data-id=\"44b1eb2\" data-element_type=\"widget\" data-widget_type=\"text-editor.default\">\n\t\t\t\t<div class=\"elementor-widget-container\">\n\t\t\t\t\t\t\t\t\t<p>DanBlumen A\/S<\/p>\t\t\t\t\t\t\t\t<\/div>\n\t\t\t\t<\/div>\n\t\t<div class=\"elementor-element elementor-element-270fa27 e-con-full cta e-flex e-con e-child\" data-id=\"270fa27\" data-element_type=\"container\">\n\t\t\t\t<div class=\"elementor-element elementor-element-c84e1d6 elementor-icon-list--layout-inline elementor-align-left elementor-mobile-align-center elementor-list-item-link-full_width elementor-widget elementor-widget-icon-list\" data-id=\"c84e1d6\" data-element_type=\"widget\" data-widget_type=\"icon-list.default\">\n\t\t\t\t<div class=\"elementor-widget-container\">\n\t\t\t\t\t\t\t<ul class=\"elementor-icon-list-items elementor-inline-items\">\n\t\t\t\t\t\t\t<li class=\"elementor-icon-list-item elementor-inline-item\">\n\t\t\t\t\t\t\t\t\t\t\t<span class=\"elementor-icon-list-icon\">\n\t\t\t\t\t\t\t<svg aria-hidden=\"true\" class=\"e-font-icon-svg e-fas-phone-alt\" viewBox=\"0 0 512 512\" xmlns=\"http:\/\/www.w3.org\/2000\/svg\"><path d=\"M497.39 361.8l-112-48a24 24 0 0 0-28 6.9l-49.6 60.6A370.66 370.66 0 0 1 130.6 204.11l60.6-49.6a23.94 23.94 0 0 0 6.9-28l-48-112A24.16 24.16 0 0 0 122.6.61l-104 24A24 24 0 0 0 0 48c0 256.5 207.9 464 464 464a24 24 0 0 0 23.4-18.6l24-104a24.29 24.29 0 0 0-14.01-27.6z\"><\/path><\/svg>\t\t\t\t\t\t<\/span>\n\t\t\t\t\t\t\t\t\t\t<span class=\"elementor-icon-list-text\"><a href=\"tel:+45 66 18 59 00\" aria-label=\"Telefon nummer\">+45 66 18 59 00<\/a><\/span>\n\t\t\t\t\t\t\t\t\t<\/li>\n\t\t\t\t\t\t\t\t<li class=\"elementor-icon-list-item elementor-inline-item\">\n\t\t\t\t\t\t\t\t\t\t\t<span class=\"elementor-icon-list-icon\">\n\t\t\t\t\t\t\t<svg aria-hidden=\"true\" class=\"e-font-icon-svg e-fas-envelope\" viewBox=\"0 0 512 512\" xmlns=\"http:\/\/www.w3.org\/2000\/svg\"><path d=\"M502.3 190.8c3.9-3.1 9.7-.2 9.7 4.7V400c0 26.5-21.5 48-48 48H48c-26.5 0-48-21.5-48-48V195.6c0-5 5.7-7.8 9.7-4.7 22.4 17.4 52.1 39.5 154.1 113.6 21.1 15.4 56.7 47.8 92.2 47.6 35.7.3 72-32.8 92.3-47.6 102-74.1 131.6-96.3 154-113.7zM256 320c23.2.4 56.6-29.2 73.4-41.4 132.7-96.3 142.8-104.7 173.4-128.7 5.8-4.5 9.2-11.5 9.2-18.9v-19c0-26.5-21.5-48-48-48H48C21.5 64 0 85.5 0 112v19c0 7.4 3.4 14.3 9.2 18.9 30.6 23.9 40.7 32.4 173.4 128.7 16.8 12.2 50.2 41.8 73.4 41.4z\"><\/path><\/svg>\t\t\t\t\t\t<\/span>\n\t\t\t\t\t\t\t\t\t\t<span class=\"elementor-icon-list-text\"><a href=\"mailto:mail@danblumen.com\" aria-label=\"Email adresse\">mail@danblumen.com<\/a><\/span>\n\t\t\t\t\t\t\t\t\t<\/li>\n\t\t\t\t\t\t<\/ul>\n\t\t\t\t\t\t<\/div>\n\t\t\t\t<\/div>\n\t\t\t\t<\/div>\n\t\t\t\t<\/div>\n\t\t\t\t\t<\/div>\n\t\t\t\t<\/div>\n\t\t\t\t<\/div>\n\t\t\t\t<\/div>\n\t\t\t\t\t\t<\/div>\n\t\t\t\t<\/div>\n\t\t\t\t<\/div>\n\t\t\t\t<\/div>\n\t\t\t\t<\/div>\n\t\t\t\t\t\t<\/div>\n\t\t\t\t<\/div>\n\t\t\t\t<\/div>\n\t\t<div class=\"elementor-element elementor-element-5c062d3 e-flex e-con-boxed e-con e-parent\" data-id=\"5c062d3\" data-element_type=\"container\">\n\t\t\t\t\t<div class=\"e-con-inner\">\n\t\t<div class=\"elementor-element elementor-element-731ca8dd e-con-full e-flex e-con e-child\" data-id=\"731ca8dd\" data-element_type=\"container\">\n\t\t\t\t<div class=\"elementor-element elementor-element-414f884c elementor-widget elementor-widget-text-editor\" data-id=\"414f884c\" data-element_type=\"widget\" data-widget_type=\"text-editor.default\">\n\t\t\t\t<div class=\"elementor-widget-container\">\n\t\t\t\t\t\t\t\t\t<h2>Wir unterst\u00fctzen<h2>\n\t\t\t\t\t\t\t\t<\/div>\n\t\t\t\t<\/div>\n\t\t\t\t<div class=\"elementor-element elementor-element-35ac61a elementor-widget elementor-widget-image\" data-id=\"35ac61a\" data-element_type=\"widget\" data-widget_type=\"image.default\">\n\t\t\t\t<div class=\"elementor-widget-container\">\n\t\t\t\t\t\t\t\t\t\t\t\t\t\t\t\t<a href=\"https:\/\/www.naesbyboldklub.dk\/klubnyt\/nyheder-2023-24-25\/danblumen-sponsorerer-nyt-kamptoej-u17-og-u19\/\" target=\"_blank\">\n\t\t\t\t\t\t\t<img fetchpriority=\"high\" decoding=\"async\" width=\"779\" height=\"394\" src=\"https:\/\/danblumen.com\/wp-content\/uploads\/2025\/08\/364052473-1442037323314218-3076106021702916574-n.jpg\" class=\"attachment-large size-large wp-image-9796\" alt=\"\" srcset=\"https:\/\/danblumen.com\/wp-content\/uploads\/2025\/08\/364052473-1442037323314218-3076106021702916574-n.jpg 779w, https:\/\/danblumen.com\/wp-content\/uploads\/2025\/08\/364052473-1442037323314218-3076106021702916574-n-500x253.jpg 500w, https:\/\/danblumen.com\/wp-content\/uploads\/2025\/08\/364052473-1442037323314218-3076106021702916574-n-768x388.jpg 768w\" sizes=\"(max-width: 779px) 100vw, 779px\" \/>\t\t\t\t\t\t\t\t<\/a>\n\t\t\t\t\t\t\t\t\t\t\t\t\t\t\t<\/div>\n\t\t\t\t<\/div>\n\t\t\t\t<div class=\"elementor-element elementor-element-751aef1 elementor-widget elementor-widget-image\" data-id=\"751aef1\" data-element_type=\"widget\" data-widget_type=\"image.default\">\n\t\t\t\t<div class=\"elementor-widget-container\">\n\t\t\t\t\t\t\t\t\t\t\t\t\t\t\t<img decoding=\"async\" width=\"1000\" height=\"267\" src=\"https:\/\/danblumen.com\/wp-content\/uploads\/2025\/08\/bcf-2023-julebanner-da-2250x600-1-1000x267.png\" class=\"attachment-large size-large wp-image-9797\" alt=\"\" srcset=\"https:\/\/danblumen.com\/wp-content\/uploads\/2025\/08\/bcf-2023-julebanner-da-2250x600-1-1000x267.png 1000w, https:\/\/danblumen.com\/wp-content\/uploads\/2025\/08\/bcf-2023-julebanner-da-2250x600-1-500x133.png 500w, https:\/\/danblumen.com\/wp-content\/uploads\/2025\/08\/bcf-2023-julebanner-da-2250x600-1-768x205.png 768w, https:\/\/danblumen.com\/wp-content\/uploads\/2025\/08\/bcf-2023-julebanner-da-2250x600-1-1536x410.png 1536w, https:\/\/danblumen.com\/wp-content\/uploads\/2025\/08\/bcf-2023-julebanner-da-2250x600-1.png 2048w\" sizes=\"(max-width: 1000px) 100vw, 1000px\" \/>\t\t\t\t\t\t\t\t\t\t\t\t\t\t\t<\/div>\n\t\t\t\t<\/div>\n\t\t\t\t<\/div>\n\t\t\t\t\t<\/div>\n\t\t\t\t<\/div>\n\t\t<div class=\"elementor-element elementor-element-7ea7a007 e-con-full e-flex e-con e-parent\" data-id=\"7ea7a007\" data-element_type=\"container\">\n\t\t\t\t<div class=\"elementor-element elementor-element-482fa26d elementor-widget elementor-widget-shortcode\" data-id=\"482fa26d\" data-element_type=\"widget\" data-widget_type=\"shortcode.default\">\n\t\t\t\t<div class=\"elementor-widget-container\">\n\t\t\t\t\t\t\t<div class=\"elementor-shortcode\">\t\t<div data-elementor-type=\"container\" data-elementor-id=\"10598\" class=\"elementor elementor-10598 elementor-9704\" data-elementor-post-type=\"elementor_library\">\n\t\t\t\t<div class=\"elementor-element elementor-element-795a31f3 e-grid dark e-con-boxed e-con e-parent\" data-id=\"795a31f3\" data-element_type=\"container\" data-settings=\"{&quot;background_background&quot;:&quot;classic&quot;}\">\n\t\t\t\t\t<div class=\"e-con-inner\">\n\t\t<div class=\"elementor-element elementor-element-37b30c59 e-con-full e-flex elementor-invisible e-con e-child\" data-id=\"37b30c59\" data-element_type=\"container\" data-settings=\"{&quot;motion_fx_motion_fx_scrolling&quot;:&quot;yes&quot;,&quot;animation&quot;:&quot;fadeIn&quot;,&quot;motion_fx_devices&quot;:[&quot;desktop&quot;,&quot;laptop&quot;,&quot;tablet&quot;,&quot;mobile&quot;]}\">\n\t\t\t\t<div class=\"elementor-element elementor-element-6a99b19d elementor-view-stacked elementor-shape-circle elementor-widget elementor-widget-icon\" data-id=\"6a99b19d\" data-element_type=\"widget\" data-widget_type=\"icon.default\">\n\t\t\t\t<div class=\"elementor-widget-container\">\n\t\t\t\t\t\t\t<div class=\"elementor-icon-wrapper\">\n\t\t\t<div class=\"elementor-icon\">\n\t\t\t<i aria-hidden=\"true\" class=\"far fa-leaf\"><\/i>\t\t\t<\/div>\n\t\t<\/div>\n\t\t\t\t\t\t<\/div>\n\t\t\t\t<\/div>\n\t\t\t\t<div class=\"elementor-element elementor-element-11ef834d elementor-widget elementor-widget-heading\" data-id=\"11ef834d\" data-element_type=\"widget\" data-widget_type=\"heading.default\">\n\t\t\t\t<div class=\"elementor-widget-container\">\n\t\t\t\t\t<h2 class=\"elementor-heading-title elementor-size-default\">Gr\u00fcndliche Kommunikation\n<\/h2>\t\t\t\t<\/div>\n\t\t\t\t<\/div>\n\t\t\t\t<div class=\"elementor-element elementor-element-26959d63 elementor-widget elementor-widget-text-editor\" data-id=\"26959d63\" data-element_type=\"widget\" data-widget_type=\"text-editor.default\">\n\t\t\t\t<div class=\"elementor-widget-container\">\n\t\t\t\t\t\t\t\t\t<div class=\"aio-icon-component style_1\"><div id=\"Info-box-wrap-6398\" class=\"aio-icon-box default-icon\"><div class=\"aio-icon-description ult-responsive\" data-ultimate-target=\"#Info-box-wrap-6398 .aio-icon-description\" data-responsive-json-new=\"{\"font-size\":\"desktop:16px;mobile:14px;\",\"line-height\":\"\"}\">Wir wissen, dass die Bed\u00fcrfnisse und W\u00fcnsche unserer Kunden unterschiedlich sein k\u00f6nnen, deshalb besprechen wir dies immer zun\u00e4chst mit Ihnen.<\/div><\/div><\/div>\t\t\t\t\t\t\t\t<\/div>\n\t\t\t\t<\/div>\n\t\t\t\t<\/div>\n\t\t<div class=\"elementor-element elementor-element-3c695208 e-con-full e-flex elementor-invisible e-con e-child\" data-id=\"3c695208\" data-element_type=\"container\" data-settings=\"{&quot;motion_fx_motion_fx_scrolling&quot;:&quot;yes&quot;,&quot;animation&quot;:&quot;fadeIn&quot;,&quot;motion_fx_devices&quot;:[&quot;desktop&quot;,&quot;laptop&quot;,&quot;tablet&quot;,&quot;mobile&quot;]}\">\n\t\t\t\t<div class=\"elementor-element elementor-element-6876068d elementor-view-stacked elementor-shape-circle elementor-widget elementor-widget-icon\" data-id=\"6876068d\" data-element_type=\"widget\" data-widget_type=\"icon.default\">\n\t\t\t\t<div class=\"elementor-widget-container\">\n\t\t\t\t\t\t\t<div class=\"elementor-icon-wrapper\">\n\t\t\t<div class=\"elementor-icon\">\n\t\t\t<i aria-hidden=\"true\" class=\"far fa-leaf-heart\"><\/i>\t\t\t<\/div>\n\t\t<\/div>\n\t\t\t\t\t\t<\/div>\n\t\t\t\t<\/div>\n\t\t\t\t<div class=\"elementor-element elementor-element-881bab3 elementor-widget elementor-widget-heading\" data-id=\"881bab3\" data-element_type=\"widget\" data-widget_type=\"heading.default\">\n\t\t\t\t<div class=\"elementor-widget-container\">\n\t\t\t\t\t<h2 class=\"elementor-heading-title elementor-size-default\">Hohe Qualit\u00e4t<\/h2>\t\t\t\t<\/div>\n\t\t\t\t<\/div>\n\t\t\t\t<div class=\"elementor-element elementor-element-17ca5f36 elementor-widget elementor-widget-text-editor\" data-id=\"17ca5f36\" data-element_type=\"widget\" data-widget_type=\"text-editor.default\">\n\t\t\t\t<div class=\"elementor-widget-container\">\n\t\t\t\t\t\t\t\t\t<div class=\"column step-4-12 step-5-4\"><div id=\"site-container-304\" class=\"Container ModuleElement ContentField con-24 \" data-snap=\"1\" data-containertype=\"ContentField\" data-moduleelement=\"20\" data-name=\"USP\"><div class=\"row\"><div class=\"column step-4-12\"><div id=\"site-container-259\" class=\"Container ModuleElement Textarea AutoResizable con-29 \" data-snap=\"1\" data-containertype=\"Textarea\" data-moduleelement=\"21\"><div class=\"Module-21 Textarea\"><div class=\"aio-icon-component style_1\"><div id=\"Info-box-wrap-5052\" class=\"aio-icon-box default-icon\"><div class=\"aio-icon-description ult-responsive\" data-ultimate-target=\"#Info-box-wrap-5052 .aio-icon-description\" data-responsive-json-new=\"{\"font-size\":\"desktop:16px;mobile:14px;\",\"line-height\":\"\"}\">Bei uns k\u00f6nnen Sie stets auf guten Service und hohe Qualit\u00e4t z\u00e4hlen. Wir geben eine Aufgabe erst auf, wenn sie zu 100 % erledigt ist und beide Parteien mit dem Ergebnis zufrieden sind.<\/div><\/div><\/div><\/div><\/div><\/div><\/div><\/div><\/div>\t\t\t\t\t\t\t\t<\/div>\n\t\t\t\t<\/div>\n\t\t\t\t<\/div>\n\t\t<div class=\"elementor-element elementor-element-643bc7c3 e-con-full e-flex elementor-invisible e-con e-child\" data-id=\"643bc7c3\" data-element_type=\"container\" data-settings=\"{&quot;motion_fx_motion_fx_scrolling&quot;:&quot;yes&quot;,&quot;animation&quot;:&quot;fadeIn&quot;,&quot;motion_fx_devices&quot;:[&quot;desktop&quot;,&quot;laptop&quot;,&quot;tablet&quot;,&quot;mobile&quot;]}\">\n\t\t\t\t<div class=\"elementor-element elementor-element-a13b15d elementor-view-stacked elementor-shape-circle elementor-widget elementor-widget-icon\" data-id=\"a13b15d\" data-element_type=\"widget\" data-widget_type=\"icon.default\">\n\t\t\t\t<div class=\"elementor-widget-container\">\n\t\t\t\t\t\t\t<div class=\"elementor-icon-wrapper\">\n\t\t\t<div class=\"elementor-icon\">\n\t\t\t<i aria-hidden=\"true\" class=\"far fa-leaf-maple\"><\/i>\t\t\t<\/div>\n\t\t<\/div>\n\t\t\t\t\t\t<\/div>\n\t\t\t\t<\/div>\n\t\t\t\t<div class=\"elementor-element elementor-element-43ccb0e9 elementor-widget elementor-widget-heading\" data-id=\"43ccb0e9\" data-element_type=\"widget\" data-widget_type=\"heading.default\">\n\t\t\t\t<div class=\"elementor-widget-container\">\n\t\t\t\t\t<h2 class=\"elementor-heading-title elementor-size-default\">Dialog schlie\u00dfen<\/h2>\t\t\t\t<\/div>\n\t\t\t\t<\/div>\n\t\t\t\t<div class=\"elementor-element elementor-element-4e24376c elementor-widget elementor-widget-text-editor\" data-id=\"4e24376c\" data-element_type=\"widget\" data-widget_type=\"text-editor.default\">\n\t\t\t\t<div class=\"elementor-widget-container\">\n\t\t\t\t\t\t\t\t\t<div class=\"flex max-w-full flex-col flex-grow\"><div class=\"min-h-8 text-message flex w-full flex-col items-end gap-2 whitespace-normal break-words text-start [.text-message+&amp;]:mt-5\" dir=\"auto\" data-message-author-role=\"assistant\" data-message-id=\"29244d5c-47eb-4917-9993-6544e650b13b\" data-message-model-slug=\"gpt-4o\"><div class=\"flex w-full flex-col gap-1 empty:hidden first:pt-[3px]\"><div class=\"markdown prose w-full break-words dark:prose-invert dark\"><div class=\"flex max-w-full flex-col flex-grow\"><div class=\"min-h-8 text-message flex w-full flex-col items-end gap-2 whitespace-normal break-words text-start [.text-message+&amp;]:mt-5\" dir=\"auto\" data-message-author-role=\"assistant\" data-message-id=\"cf781585-e99b-49d8-804d-c3056c0dd98a\" data-message-model-slug=\"gpt-4o\"><div class=\"flex w-full flex-col gap-1 empty:hidden first:pt-[3px]\"><div class=\"markdown prose w-full break-words dark:prose-invert dark\"><div class=\"wpb_column vc_column_container vc_col-sm-6\"><div class=\"vc_column-inner\"><div class=\"wpb_wrapper\"><div class=\"aio-icon-component style_1\"><div id=\"Info-box-wrap-8153\" class=\"aio-icon-box default-icon\"><div class=\"aio-icon-description ult-responsive\" data-ultimate-target=\"#Info-box-wrap-8153 .aio-icon-description\" data-responsive-json-new=\"{\"font-size\":\"desktop:16px;mobile:14px;\",\"line-height\":\"\"}\">Sobald wir einmal angefangen haben, gehen wir bei Qualit\u00e4t und Service keine Kompromisse ein. Wir begleiten jeden Auftrag zu 100 % bis zum Ende und legen gr\u00f6\u00dften Wert auf die Einhaltung aller Vereinbarungen \u2013 vom Preis bis zum Termin.<\/div><\/div><\/div><\/div><\/div><\/div><\/div><\/div><\/div><\/div><\/div><\/div><\/div><\/div>\t\t\t\t\t\t\t\t<\/div>\n\t\t\t\t<\/div>\n\t\t\t\t<\/div>\n\t\t\t\t\t<\/div>\n\t\t\t\t<\/div>\n\t\t\t\t<\/div>\n\t\t<\/div>\n\t\t\t\t\t\t<\/div>\n\t\t\t\t<\/div>\n\t\t\t\t<\/div>\n\t\t\t\t<\/div>\n\t\t","protected":false},"excerpt":{"rendered":"<p>Wir unterst\u00fctzen<\/p>\n","protected":false},"author":5,"featured_media":0,"parent":0,"menu_order":1011,"comment_status":"closed","ping_status":"closed","template":"","meta":{"_acf_changed":false,"footnotes":""},"categories":[],"class_list":["post-10560","page","type-page","status-publish"],"acf":[],"yoast_head":"<!-- This site is optimized with the Yoast SEO plugin v27.3 - https:\/\/yoast.com\/product\/yoast-seo-wordpress\/ -->\n<title>Nominierungen \u2013 Auszeichnungen und Spenden | DanBlumen A\/S<\/title>\n<meta name=\"robots\" content=\"index, follow, max-snippet:-1, max-image-preview:large, max-video-preview:-1\" \/>\n<link rel=\"canonical\" href=\"https:\/\/danblumen.com\/de\/nominierungen-auszeichnungen-und-spenden\/\" \/>\n<meta property=\"og:locale\" content=\"de_DE\" \/>\n<meta property=\"og:type\" content=\"article\" \/>\n<meta property=\"og:title\" content=\"Nominierungen \u2013 Auszeichnungen und Spenden | DanBlumen A\/S\" \/>\n<meta property=\"og:description\" content=\"Wir unterst\u00fctzen\" \/>\n<meta property=\"og:url\" content=\"https:\/\/danblumen.com\/de\/nominierungen-auszeichnungen-und-spenden\/\" \/>\n<meta property=\"og:site_name\" content=\"DanBlumen A\/S\" \/>\n<meta property=\"article:modified_time\" content=\"2025-10-08T05:29:30+00:00\" \/>\n<meta property=\"og:image\" content=\"https:\/\/danblumen.com\/wp-content\/uploads\/2025\/08\/364052473-1442037323314218-3076106021702916574-n.jpg\" \/>\n<meta name=\"twitter:card\" content=\"summary_large_image\" \/>\n<script type=\"application\/ld+json\" class=\"yoast-schema-graph\">{\"@context\":\"https:\\\/\\\/schema.org\",\"@graph\":[{\"@type\":\"WebPage\",\"@id\":\"https:\\\/\\\/danblumen.com\\\/de\\\/nominierungen-auszeichnungen-und-spenden\\\/\",\"url\":\"https:\\\/\\\/danblumen.com\\\/de\\\/nominierungen-auszeichnungen-und-spenden\\\/\",\"name\":\"Nominierungen \u2013 Auszeichnungen und Spenden | DanBlumen A\\\/S\",\"isPartOf\":{\"@id\":\"https:\\\/\\\/danblumen.com\\\/de\\\/#website\"},\"primaryImageOfPage\":{\"@id\":\"https:\\\/\\\/danblumen.com\\\/de\\\/nominierungen-auszeichnungen-und-spenden\\\/#primaryimage\"},\"image\":{\"@id\":\"https:\\\/\\\/danblumen.com\\\/de\\\/nominierungen-auszeichnungen-und-spenden\\\/#primaryimage\"},\"thumbnailUrl\":\"https:\\\/\\\/danblumen.com\\\/wp-content\\\/uploads\\\/2025\\\/08\\\/364052473-1442037323314218-3076106021702916574-n.jpg\",\"datePublished\":\"2025-08-18T06:53:58+00:00\",\"dateModified\":\"2025-10-08T05:29:30+00:00\",\"breadcrumb\":{\"@id\":\"https:\\\/\\\/danblumen.com\\\/de\\\/nominierungen-auszeichnungen-und-spenden\\\/#breadcrumb\"},\"inLanguage\":\"de\",\"potentialAction\":[{\"@type\":\"ReadAction\",\"target\":[\"https:\\\/\\\/danblumen.com\\\/de\\\/nominierungen-auszeichnungen-und-spenden\\\/\"]}]},{\"@type\":\"ImageObject\",\"inLanguage\":\"de\",\"@id\":\"https:\\\/\\\/danblumen.com\\\/de\\\/nominierungen-auszeichnungen-und-spenden\\\/#primaryimage\",\"url\":\"https:\\\/\\\/danblumen.com\\\/wp-content\\\/uploads\\\/2025\\\/08\\\/364052473-1442037323314218-3076106021702916574-n.jpg\",\"contentUrl\":\"https:\\\/\\\/danblumen.com\\\/wp-content\\\/uploads\\\/2025\\\/08\\\/364052473-1442037323314218-3076106021702916574-n.jpg\"},{\"@type\":\"BreadcrumbList\",\"@id\":\"https:\\\/\\\/danblumen.com\\\/de\\\/nominierungen-auszeichnungen-und-spenden\\\/#breadcrumb\",\"itemListElement\":[{\"@type\":\"ListItem\",\"position\":1,\"name\":\"Forside\",\"item\":\"https:\\\/\\\/danblumen.com\\\/de\\\/?page_id=10610\"},{\"@type\":\"ListItem\",\"position\":2,\"name\":\"Nominierungen \u2013 Auszeichnungen und Spenden\"}]},{\"@type\":\"WebSite\",\"@id\":\"https:\\\/\\\/danblumen.com\\\/de\\\/#website\",\"url\":\"https:\\\/\\\/danblumen.com\\\/de\\\/\",\"name\":\"DanBlumen A\\\/S\",\"description\":\"Engrosvirksomhed inden for danske planter\",\"publisher\":{\"@id\":\"https:\\\/\\\/danblumen.com\\\/de\\\/#organization\"},\"potentialAction\":[{\"@type\":\"SearchAction\",\"target\":{\"@type\":\"EntryPoint\",\"urlTemplate\":\"https:\\\/\\\/danblumen.com\\\/de\\\/?s={search_term_string}\"},\"query-input\":{\"@type\":\"PropertyValueSpecification\",\"valueRequired\":true,\"valueName\":\"search_term_string\"}}],\"inLanguage\":\"de\"},{\"@type\":\"Organization\",\"@id\":\"https:\\\/\\\/danblumen.com\\\/de\\\/#organization\",\"name\":\"DanBlumen A\\\/S\",\"url\":\"https:\\\/\\\/danblumen.com\\\/de\\\/\",\"logo\":{\"@type\":\"ImageObject\",\"inLanguage\":\"de\",\"@id\":\"https:\\\/\\\/danblumen.com\\\/de\\\/#\\\/schema\\\/logo\\\/image\\\/\",\"url\":\"https:\\\/\\\/danblumen.com\\\/wp-content\\\/uploads\\\/2022\\\/03\\\/danblumen-logo.svg\",\"contentUrl\":\"https:\\\/\\\/danblumen.com\\\/wp-content\\\/uploads\\\/2022\\\/03\\\/danblumen-logo.svg\",\"width\":284,\"height\":75,\"caption\":\"DanBlumen A\\\/S\"},\"image\":{\"@id\":\"https:\\\/\\\/danblumen.com\\\/de\\\/#\\\/schema\\\/logo\\\/image\\\/\"}}]}<\/script>\n<!-- \/ Yoast SEO plugin. -->","yoast_head_json":{"title":"Nominierungen \u2013 Auszeichnungen und Spenden | DanBlumen A\/S","robots":{"index":"index","follow":"follow","max-snippet":"max-snippet:-1","max-image-preview":"max-image-preview:large","max-video-preview":"max-video-preview:-1"},"canonical":"https:\/\/danblumen.com\/de\/nominierungen-auszeichnungen-und-spenden\/","og_locale":"de_DE","og_type":"article","og_title":"Nominierungen \u2013 Auszeichnungen und Spenden | DanBlumen A\/S","og_description":"Wir unterst\u00fctzen","og_url":"https:\/\/danblumen.com\/de\/nominierungen-auszeichnungen-und-spenden\/","og_site_name":"DanBlumen A\/S","article_modified_time":"2025-10-08T05:29:30+00:00","og_image":[{"url":"https:\/\/danblumen.com\/wp-content\/uploads\/2025\/08\/364052473-1442037323314218-3076106021702916574-n.jpg","type":"","width":"","height":""}],"twitter_card":"summary_large_image","schema":{"@context":"https:\/\/schema.org","@graph":[{"@type":"WebPage","@id":"https:\/\/danblumen.com\/de\/nominierungen-auszeichnungen-und-spenden\/","url":"https:\/\/danblumen.com\/de\/nominierungen-auszeichnungen-und-spenden\/","name":"Nominierungen \u2013 Auszeichnungen und Spenden | DanBlumen A\/S","isPartOf":{"@id":"https:\/\/danblumen.com\/de\/#website"},"primaryImageOfPage":{"@id":"https:\/\/danblumen.com\/de\/nominierungen-auszeichnungen-und-spenden\/#primaryimage"},"image":{"@id":"https:\/\/danblumen.com\/de\/nominierungen-auszeichnungen-und-spenden\/#primaryimage"},"thumbnailUrl":"https:\/\/danblumen.com\/wp-content\/uploads\/2025\/08\/364052473-1442037323314218-3076106021702916574-n.jpg","datePublished":"2025-08-18T06:53:58+00:00","dateModified":"2025-10-08T05:29:30+00:00","breadcrumb":{"@id":"https:\/\/danblumen.com\/de\/nominierungen-auszeichnungen-und-spenden\/#breadcrumb"},"inLanguage":"de","potentialAction":[{"@type":"ReadAction","target":["https:\/\/danblumen.com\/de\/nominierungen-auszeichnungen-und-spenden\/"]}]},{"@type":"ImageObject","inLanguage":"de","@id":"https:\/\/danblumen.com\/de\/nominierungen-auszeichnungen-und-spenden\/#primaryimage","url":"https:\/\/danblumen.com\/wp-content\/uploads\/2025\/08\/364052473-1442037323314218-3076106021702916574-n.jpg","contentUrl":"https:\/\/danblumen.com\/wp-content\/uploads\/2025\/08\/364052473-1442037323314218-3076106021702916574-n.jpg"},{"@type":"BreadcrumbList","@id":"https:\/\/danblumen.com\/de\/nominierungen-auszeichnungen-und-spenden\/#breadcrumb","itemListElement":[{"@type":"ListItem","position":1,"name":"Forside","item":"https:\/\/danblumen.com\/de\/?page_id=10610"},{"@type":"ListItem","position":2,"name":"Nominierungen \u2013 Auszeichnungen und Spenden"}]},{"@type":"WebSite","@id":"https:\/\/danblumen.com\/de\/#website","url":"https:\/\/danblumen.com\/de\/","name":"DanBlumen A\/S","description":"Engrosvirksomhed inden for danske planter","publisher":{"@id":"https:\/\/danblumen.com\/de\/#organization"},"potentialAction":[{"@type":"SearchAction","target":{"@type":"EntryPoint","urlTemplate":"https:\/\/danblumen.com\/de\/?s={search_term_string}"},"query-input":{"@type":"PropertyValueSpecification","valueRequired":true,"valueName":"search_term_string"}}],"inLanguage":"de"},{"@type":"Organization","@id":"https:\/\/danblumen.com\/de\/#organization","name":"DanBlumen A\/S","url":"https:\/\/danblumen.com\/de\/","logo":{"@type":"ImageObject","inLanguage":"de","@id":"https:\/\/danblumen.com\/de\/#\/schema\/logo\/image\/","url":"https:\/\/danblumen.com\/wp-content\/uploads\/2022\/03\/danblumen-logo.svg","contentUrl":"https:\/\/danblumen.com\/wp-content\/uploads\/2022\/03\/danblumen-logo.svg","width":284,"height":75,"caption":"DanBlumen A\/S"},"image":{"@id":"https:\/\/danblumen.com\/de\/#\/schema\/logo\/image\/"}}]}},"_links":{"self":[{"href":"https:\/\/danblumen.com\/de\/wp-json\/wp\/v2\/pages\/10560","targetHints":{"allow":["GET"]}}],"collection":[{"href":"https:\/\/danblumen.com\/de\/wp-json\/wp\/v2\/pages"}],"about":[{"href":"https:\/\/danblumen.com\/de\/wp-json\/wp\/v2\/types\/page"}],"author":[{"embeddable":true,"href":"https:\/\/danblumen.com\/de\/wp-json\/wp\/v2\/users\/5"}],"replies":[{"embeddable":true,"href":"https:\/\/danblumen.com\/de\/wp-json\/wp\/v2\/comments?post=10560"}],"version-history":[{"count":2,"href":"https:\/\/danblumen.com\/de\/wp-json\/wp\/v2\/pages\/10560\/revisions"}],"predecessor-version":[{"id":10562,"href":"https:\/\/danblumen.com\/de\/wp-json\/wp\/v2\/pages\/10560\/revisions\/10562"}],"wp:attachment":[{"href":"https:\/\/danblumen.com\/de\/wp-json\/wp\/v2\/media?parent=10560"}],"wp:term":[{"taxonomy":"category","embeddable":true,"href":"https:\/\/danblumen.com\/de\/wp-json\/wp\/v2\/categories?post=10560"}],"curies":[{"name":"wp","href":"https:\/\/api.w.org\/{rel}","templated":true}]}}