{"id":10406,"date":"2025-08-18T08:53:58","date_gmt":"2025-08-18T06:53:58","guid":{"rendered":"https:\/\/danblumen.com\/messen\/"},"modified":"2025-10-08T07:28:54","modified_gmt":"2025-10-08T05:28:54","slug":"messen","status":"publish","type":"page","link":"https:\/\/danblumen.com\/de\/messen\/","title":{"rendered":"Messen"},"content":{"rendered":"\t\t<div data-elementor-type=\"wp-page\" data-elementor-id=\"10406\" class=\"elementor elementor-10406 elementor-9597\" data-elementor-post-type=\"page\">\n\t\t\t\t<div class=\"elementor-element elementor-element-7df52df6 e-con-full no-padding e-flex e-con e-parent\" data-id=\"7df52df6\" data-element_type=\"container\" data-e-type=\"container\">\n\t\t\t\t<div class=\"elementor-element elementor-element-4a910367 elementor-widget elementor-widget-template\" data-id=\"4a910367\" data-element_type=\"widget\" data-e-type=\"widget\" data-widget_type=\"template.default\">\n\t\t\t\t<div class=\"elementor-widget-container\">\n\t\t\t\t\t\t\t<div class=\"elementor-template\">\n\t\t\t\t\t<div data-elementor-type=\"container\" data-elementor-id=\"10571\" class=\"elementor elementor-10571 elementor-6563 elementor-6563\" data-elementor-post-type=\"elementor_library\">\n\t\t\t\t<div class=\"elementor-element elementor-element-6b499f1f e-con-full no-padding e-flex e-con e-parent\" data-id=\"6b499f1f\" data-element_type=\"container\" data-e-type=\"container\" data-settings=\"{&quot;background_background&quot;:&quot;classic&quot;}\">\n\t\t\t\t<div class=\"elementor-element elementor-element-1ecbb66 elementor-widget elementor-widget-template\" data-id=\"1ecbb66\" data-element_type=\"widget\" data-e-type=\"widget\" data-widget_type=\"template.default\">\n\t\t\t\t<div class=\"elementor-widget-container\">\n\t\t\t\t\t\t\t<div class=\"elementor-template\">\n\t\t\t\t\t<div data-elementor-type=\"container\" data-elementor-id=\"10580\" class=\"elementor elementor-10580 elementor-6542 elementor-6542 elementor-6542\" data-elementor-post-type=\"elementor_library\">\n\t\t\t\t<div class=\"elementor-element elementor-element-50a9782 white e-flex e-con-boxed e-con e-parent\" data-id=\"50a9782\" data-element_type=\"container\" data-e-type=\"container\" data-settings=\"{&quot;background_background&quot;:&quot;classic&quot;}\">\n\t\t\t\t\t<div class=\"e-con-inner\">\n\t\t<div class=\"elementor-element elementor-element-850a903 e-con-full e-flex e-con e-child\" data-id=\"850a903\" data-element_type=\"container\" data-e-type=\"container\">\n\t\t\t\t<div class=\"elementor-element elementor-element-44b1eb2 prehead elementor-widget elementor-widget-text-editor\" data-id=\"44b1eb2\" data-element_type=\"widget\" data-e-type=\"widget\" data-widget_type=\"text-editor.default\">\n\t\t\t\t<div class=\"elementor-widget-container\">\n\t\t\t\t\t\t\t\t\t<p>DanBlumen A\/S<\/p>\t\t\t\t\t\t\t\t<\/div>\n\t\t\t\t<\/div>\n\t\t<div class=\"elementor-element elementor-element-270fa27 e-con-full cta e-flex e-con e-child\" data-id=\"270fa27\" data-element_type=\"container\" data-e-type=\"container\">\n\t\t\t\t<div class=\"elementor-element elementor-element-c84e1d6 elementor-icon-list--layout-inline elementor-align-start elementor-mobile-align-center elementor-list-item-link-full_width elementor-widget elementor-widget-icon-list\" data-id=\"c84e1d6\" data-element_type=\"widget\" data-e-type=\"widget\" data-widget_type=\"icon-list.default\">\n\t\t\t\t<div class=\"elementor-widget-container\">\n\t\t\t\t\t\t\t<ul class=\"elementor-icon-list-items elementor-inline-items\">\n\t\t\t\t\t\t\t<li class=\"elementor-icon-list-item elementor-inline-item\">\n\t\t\t\t\t\t\t\t\t\t\t<span class=\"elementor-icon-list-icon\">\n\t\t\t\t\t\t\t<svg aria-hidden=\"true\" class=\"e-font-icon-svg e-fas-phone-alt\" viewBox=\"0 0 512 512\" xmlns=\"http:\/\/www.w3.org\/2000\/svg\"><path d=\"M497.39 361.8l-112-48a24 24 0 0 0-28 6.9l-49.6 60.6A370.66 370.66 0 0 1 130.6 204.11l60.6-49.6a23.94 23.94 0 0 0 6.9-28l-48-112A24.16 24.16 0 0 0 122.6.61l-104 24A24 24 0 0 0 0 48c0 256.5 207.9 464 464 464a24 24 0 0 0 23.4-18.6l24-104a24.29 24.29 0 0 0-14.01-27.6z\"><\/path><\/svg>\t\t\t\t\t\t<\/span>\n\t\t\t\t\t\t\t\t\t\t<span class=\"elementor-icon-list-text\"><a href=\"tel:+45 66 18 59 00\" aria-label=\"Telefon nummer\">+45 66 18 59 00<\/a><\/span>\n\t\t\t\t\t\t\t\t\t<\/li>\n\t\t\t\t\t\t\t\t<li class=\"elementor-icon-list-item elementor-inline-item\">\n\t\t\t\t\t\t\t\t\t\t\t<span class=\"elementor-icon-list-icon\">\n\t\t\t\t\t\t\t<svg aria-hidden=\"true\" class=\"e-font-icon-svg e-fas-envelope\" viewBox=\"0 0 512 512\" xmlns=\"http:\/\/www.w3.org\/2000\/svg\"><path d=\"M502.3 190.8c3.9-3.1 9.7-.2 9.7 4.7V400c0 26.5-21.5 48-48 48H48c-26.5 0-48-21.5-48-48V195.6c0-5 5.7-7.8 9.7-4.7 22.4 17.4 52.1 39.5 154.1 113.6 21.1 15.4 56.7 47.8 92.2 47.6 35.7.3 72-32.8 92.3-47.6 102-74.1 131.6-96.3 154-113.7zM256 320c23.2.4 56.6-29.2 73.4-41.4 132.7-96.3 142.8-104.7 173.4-128.7 5.8-4.5 9.2-11.5 9.2-18.9v-19c0-26.5-21.5-48-48-48H48C21.5 64 0 85.5 0 112v19c0 7.4 3.4 14.3 9.2 18.9 30.6 23.9 40.7 32.4 173.4 128.7 16.8 12.2 50.2 41.8 73.4 41.4z\"><\/path><\/svg>\t\t\t\t\t\t<\/span>\n\t\t\t\t\t\t\t\t\t\t<span class=\"elementor-icon-list-text\"><a href=\"mailto:mail@danblumen.com\" aria-label=\"Email adresse\">mail@danblumen.com<\/a><\/span>\n\t\t\t\t\t\t\t\t\t<\/li>\n\t\t\t\t\t\t<\/ul>\n\t\t\t\t\t\t<\/div>\n\t\t\t\t<\/div>\n\t\t\t\t<\/div>\n\t\t\t\t<\/div>\n\t\t\t\t\t<\/div>\n\t\t\t\t<\/div>\n\t\t\t\t<\/div>\n\t\t\t\t<\/div>\n\t\t\t\t\t\t<\/div>\n\t\t\t\t<\/div>\n\t\t\t\t<\/div>\n\t\t\t\t<\/div>\n\t\t\t\t<\/div>\n\t\t\t\t\t\t<\/div>\n\t\t\t\t<\/div>\n\t\t\t\t<\/div>\n\t\t<div class=\"elementor-element elementor-element-50659f7a e-flex e-con-boxed e-con e-parent\" data-id=\"50659f7a\" data-element_type=\"container\" data-e-type=\"container\">\n\t\t\t\t\t<div class=\"e-con-inner\">\n\t\t<div class=\"elementor-element elementor-element-2337f074 e-con-full e-flex e-con e-child\" data-id=\"2337f074\" data-element_type=\"container\" data-e-type=\"container\">\n\t\t\t\t<div class=\"elementor-element elementor-element-7a899c4 elementor-widget elementor-widget-text-editor\" data-id=\"7a899c4\" data-element_type=\"widget\" data-e-type=\"widget\" data-widget_type=\"text-editor.default\">\n\t\t\t\t<div class=\"elementor-widget-container\">\n\t\t\t\t\t\t\t\t\t<h2>Informationen zu Messen<\/h2><h4><a href=\"https:\/\/www.ipm-essen.de\/world-trade-fair\/\" target=\"_blank\" rel=\"noopener\">IPM<\/a><\/h4><p>IPM-Messe in Essen.<\/p><h4><a href=\"https:\/\/www.elmia.se\/garden\/\" target=\"_blank\" rel=\"noopener\">Elmia-Garten<\/a><\/h4><p>Messe in J\u00f6nk\u00f6ping.<\/p><h4><a href=\"https:\/\/floradania.dk\/om-floradania\/\" target=\"_blank\" rel=\"noopener\">Handelsplatz<\/a><\/h4><p>Pflanzenmesse in Odense.<\/p>\t\t\t\t\t\t\t\t<\/div>\n\t\t\t\t<\/div>\n\t\t\t\t<div class=\"elementor-element elementor-element-7f692577 elementor-widget elementor-widget-button\" data-id=\"7f692577\" data-element_type=\"widget\" data-e-type=\"widget\" data-widget_type=\"button.default\">\n\t\t\t\t<div class=\"elementor-widget-container\">\n\t\t\t\t\t\t\t\t\t<div class=\"elementor-button-wrapper\">\n\t\t\t\t\t<a class=\"elementor-button elementor-button-link elementor-size-sm\" href=\"https:\/\/danblumen.com\/de\/kontakt\/\">\n\t\t\t\t\t\t<span class=\"elementor-button-content-wrapper\">\n\t\t\t\t\t\t\t\t\t<span class=\"elementor-button-text\">Kontaktieren Sie uns hier<\/span>\n\t\t\t\t\t<\/span>\n\t\t\t\t\t<\/a>\n\t\t\t\t<\/div>\n\t\t\t\t\t\t\t\t<\/div>\n\t\t\t\t<\/div>\n\t\t\t\t<\/div>\n\t\t<div class=\"elementor-element elementor-element-7264f6e9 e-con-full e-flex e-con e-child\" data-id=\"7264f6e9\" data-element_type=\"container\" data-e-type=\"container\" data-settings=\"{&quot;background_background&quot;:&quot;classic&quot;}\">\n\t\t\t\t<\/div>\n\t\t\t\t\t<\/div>\n\t\t\t\t<\/div>\n\t\t<div class=\"elementor-element elementor-element-f6cd6de e-con-full e-flex e-con e-parent\" data-id=\"f6cd6de\" data-element_type=\"container\" data-e-type=\"container\">\n\t\t\t\t<div class=\"elementor-element elementor-element-6e7c4286 elementor-widget elementor-widget-shortcode\" data-id=\"6e7c4286\" data-element_type=\"widget\" data-e-type=\"widget\" data-widget_type=\"shortcode.default\">\n\t\t\t\t<div class=\"elementor-widget-container\">\n\t\t\t\t\t\t\t<div class=\"elementor-shortcode\">\t\t<div data-elementor-type=\"container\" data-elementor-id=\"10598\" class=\"elementor elementor-10598 elementor-9704 elementor-9704\" data-elementor-post-type=\"elementor_library\">\n\t\t\t\t<div class=\"elementor-element elementor-element-795a31f3 e-grid dark e-con-boxed e-con e-parent\" data-id=\"795a31f3\" data-element_type=\"container\" data-e-type=\"container\" data-settings=\"{&quot;background_background&quot;:&quot;classic&quot;}\">\n\t\t\t\t\t<div class=\"e-con-inner\">\n\t\t<div class=\"elementor-element elementor-element-37b30c59 e-con-full e-flex elementor-invisible e-con e-child\" data-id=\"37b30c59\" data-element_type=\"container\" data-e-type=\"container\" data-settings=\"{&quot;motion_fx_motion_fx_scrolling&quot;:&quot;yes&quot;,&quot;animation&quot;:&quot;fadeIn&quot;,&quot;motion_fx_devices&quot;:[&quot;desktop&quot;,&quot;laptop&quot;,&quot;tablet&quot;,&quot;mobile&quot;]}\">\n\t\t\t\t<div class=\"elementor-element elementor-element-6a99b19d elementor-view-stacked elementor-shape-circle elementor-widget elementor-widget-icon\" data-id=\"6a99b19d\" data-element_type=\"widget\" data-e-type=\"widget\" data-widget_type=\"icon.default\">\n\t\t\t\t<div class=\"elementor-widget-container\">\n\t\t\t\t\t\t\t<div class=\"elementor-icon-wrapper\">\n\t\t\t<div class=\"elementor-icon\">\n\t\t\t<i aria-hidden=\"true\" class=\"far fa-leaf\"><\/i>\t\t\t<\/div>\n\t\t<\/div>\n\t\t\t\t\t\t<\/div>\n\t\t\t\t<\/div>\n\t\t\t\t<div class=\"elementor-element elementor-element-11ef834d elementor-widget elementor-widget-heading\" data-id=\"11ef834d\" data-element_type=\"widget\" data-e-type=\"widget\" data-widget_type=\"heading.default\">\n\t\t\t\t<div class=\"elementor-widget-container\">\n\t\t\t\t\t<h2 class=\"elementor-heading-title elementor-size-default\">Gr\u00fcndliche Kommunikation\n<\/h2>\t\t\t\t<\/div>\n\t\t\t\t<\/div>\n\t\t\t\t<div class=\"elementor-element elementor-element-26959d63 elementor-widget elementor-widget-text-editor\" data-id=\"26959d63\" data-element_type=\"widget\" data-e-type=\"widget\" data-widget_type=\"text-editor.default\">\n\t\t\t\t<div class=\"elementor-widget-container\">\n\t\t\t\t\t\t\t\t\t<div class=\"aio-icon-component style_1\"><div id=\"Info-box-wrap-6398\" class=\"aio-icon-box default-icon\"><div class=\"aio-icon-description ult-responsive\" data-ultimate-target=\"#Info-box-wrap-6398 .aio-icon-description\" data-responsive-json-new=\"{\"font-size\":\"desktop:16px;mobile:14px;\",\"line-height\":\"\"}\">Wir wissen, dass die Bed\u00fcrfnisse und W\u00fcnsche unserer Kunden unterschiedlich sein k\u00f6nnen, deshalb besprechen wir dies immer zun\u00e4chst mit Ihnen.<\/div><\/div><\/div>\t\t\t\t\t\t\t\t<\/div>\n\t\t\t\t<\/div>\n\t\t\t\t<\/div>\n\t\t<div class=\"elementor-element elementor-element-3c695208 e-con-full e-flex elementor-invisible e-con e-child\" data-id=\"3c695208\" data-element_type=\"container\" data-e-type=\"container\" data-settings=\"{&quot;motion_fx_motion_fx_scrolling&quot;:&quot;yes&quot;,&quot;animation&quot;:&quot;fadeIn&quot;,&quot;motion_fx_devices&quot;:[&quot;desktop&quot;,&quot;laptop&quot;,&quot;tablet&quot;,&quot;mobile&quot;]}\">\n\t\t\t\t<div class=\"elementor-element elementor-element-6876068d elementor-view-stacked elementor-shape-circle elementor-widget elementor-widget-icon\" data-id=\"6876068d\" data-element_type=\"widget\" data-e-type=\"widget\" data-widget_type=\"icon.default\">\n\t\t\t\t<div class=\"elementor-widget-container\">\n\t\t\t\t\t\t\t<div class=\"elementor-icon-wrapper\">\n\t\t\t<div class=\"elementor-icon\">\n\t\t\t<i aria-hidden=\"true\" class=\"far fa-leaf-heart\"><\/i>\t\t\t<\/div>\n\t\t<\/div>\n\t\t\t\t\t\t<\/div>\n\t\t\t\t<\/div>\n\t\t\t\t<div class=\"elementor-element elementor-element-881bab3 elementor-widget elementor-widget-heading\" data-id=\"881bab3\" data-element_type=\"widget\" data-e-type=\"widget\" data-widget_type=\"heading.default\">\n\t\t\t\t<div class=\"elementor-widget-container\">\n\t\t\t\t\t<h2 class=\"elementor-heading-title elementor-size-default\">Hohe Qualit\u00e4t<\/h2>\t\t\t\t<\/div>\n\t\t\t\t<\/div>\n\t\t\t\t<div class=\"elementor-element elementor-element-17ca5f36 elementor-widget elementor-widget-text-editor\" data-id=\"17ca5f36\" data-element_type=\"widget\" data-e-type=\"widget\" data-widget_type=\"text-editor.default\">\n\t\t\t\t<div class=\"elementor-widget-container\">\n\t\t\t\t\t\t\t\t\t<div class=\"column step-4-12 step-5-4\"><div id=\"site-container-304\" class=\"Container ModuleElement ContentField con-24 \" data-snap=\"1\" data-containertype=\"ContentField\" data-moduleelement=\"20\" data-name=\"USP\"><div class=\"row\"><div class=\"column step-4-12\"><div id=\"site-container-259\" class=\"Container ModuleElement Textarea AutoResizable con-29 \" data-snap=\"1\" data-containertype=\"Textarea\" data-moduleelement=\"21\"><div class=\"Module-21 Textarea\"><div class=\"aio-icon-component style_1\"><div id=\"Info-box-wrap-5052\" class=\"aio-icon-box default-icon\"><div class=\"aio-icon-description ult-responsive\" data-ultimate-target=\"#Info-box-wrap-5052 .aio-icon-description\" data-responsive-json-new=\"{\"font-size\":\"desktop:16px;mobile:14px;\",\"line-height\":\"\"}\">Bei uns k\u00f6nnen Sie stets auf guten Service und hohe Qualit\u00e4t z\u00e4hlen. Wir geben eine Aufgabe erst auf, wenn sie zu 100 % erledigt ist und beide Parteien mit dem Ergebnis zufrieden sind.<\/div><\/div><\/div><\/div><\/div><\/div><\/div><\/div><\/div>\t\t\t\t\t\t\t\t<\/div>\n\t\t\t\t<\/div>\n\t\t\t\t<\/div>\n\t\t<div class=\"elementor-element elementor-element-643bc7c3 e-con-full e-flex elementor-invisible e-con e-child\" data-id=\"643bc7c3\" data-element_type=\"container\" data-e-type=\"container\" data-settings=\"{&quot;motion_fx_motion_fx_scrolling&quot;:&quot;yes&quot;,&quot;animation&quot;:&quot;fadeIn&quot;,&quot;motion_fx_devices&quot;:[&quot;desktop&quot;,&quot;laptop&quot;,&quot;tablet&quot;,&quot;mobile&quot;]}\">\n\t\t\t\t<div class=\"elementor-element elementor-element-a13b15d elementor-view-stacked elementor-shape-circle elementor-widget elementor-widget-icon\" data-id=\"a13b15d\" data-element_type=\"widget\" data-e-type=\"widget\" data-widget_type=\"icon.default\">\n\t\t\t\t<div class=\"elementor-widget-container\">\n\t\t\t\t\t\t\t<div class=\"elementor-icon-wrapper\">\n\t\t\t<div class=\"elementor-icon\">\n\t\t\t<i aria-hidden=\"true\" class=\"far fa-leaf-maple\"><\/i>\t\t\t<\/div>\n\t\t<\/div>\n\t\t\t\t\t\t<\/div>\n\t\t\t\t<\/div>\n\t\t\t\t<div class=\"elementor-element elementor-element-43ccb0e9 elementor-widget elementor-widget-heading\" data-id=\"43ccb0e9\" data-element_type=\"widget\" data-e-type=\"widget\" data-widget_type=\"heading.default\">\n\t\t\t\t<div class=\"elementor-widget-container\">\n\t\t\t\t\t<h2 class=\"elementor-heading-title elementor-size-default\">Dialog schlie\u00dfen<\/h2>\t\t\t\t<\/div>\n\t\t\t\t<\/div>\n\t\t\t\t<div class=\"elementor-element elementor-element-4e24376c elementor-widget elementor-widget-text-editor\" data-id=\"4e24376c\" data-element_type=\"widget\" data-e-type=\"widget\" data-widget_type=\"text-editor.default\">\n\t\t\t\t<div class=\"elementor-widget-container\">\n\t\t\t\t\t\t\t\t\t<div class=\"flex max-w-full flex-col flex-grow\"><div class=\"min-h-8 text-message flex w-full flex-col items-end gap-2 whitespace-normal break-words text-start [.text-message+&amp;]:mt-5\" dir=\"auto\" data-message-author-role=\"assistant\" data-message-id=\"29244d5c-47eb-4917-9993-6544e650b13b\" data-message-model-slug=\"gpt-4o\"><div class=\"flex w-full flex-col gap-1 empty:hidden first:pt-[3px]\"><div class=\"markdown prose w-full break-words dark:prose-invert dark\"><div class=\"flex max-w-full flex-col flex-grow\"><div class=\"min-h-8 text-message flex w-full flex-col items-end gap-2 whitespace-normal break-words text-start [.text-message+&amp;]:mt-5\" dir=\"auto\" data-message-author-role=\"assistant\" data-message-id=\"cf781585-e99b-49d8-804d-c3056c0dd98a\" data-message-model-slug=\"gpt-4o\"><div class=\"flex w-full flex-col gap-1 empty:hidden first:pt-[3px]\"><div class=\"markdown prose w-full break-words dark:prose-invert dark\"><div class=\"wpb_column vc_column_container vc_col-sm-6\"><div class=\"vc_column-inner\"><div class=\"wpb_wrapper\"><div class=\"aio-icon-component style_1\"><div id=\"Info-box-wrap-8153\" class=\"aio-icon-box default-icon\"><div class=\"aio-icon-description ult-responsive\" data-ultimate-target=\"#Info-box-wrap-8153 .aio-icon-description\" data-responsive-json-new=\"{\"font-size\":\"desktop:16px;mobile:14px;\",\"line-height\":\"\"}\">Sobald wir einmal angefangen haben, gehen wir bei Qualit\u00e4t und Service keine Kompromisse ein. Wir begleiten jeden Auftrag zu 100 % bis zum Ende und legen gr\u00f6\u00dften Wert auf die Einhaltung aller Vereinbarungen \u2013 vom Preis bis zum Termin.<\/div><\/div><\/div><\/div><\/div><\/div><\/div><\/div><\/div><\/div><\/div><\/div><\/div><\/div>\t\t\t\t\t\t\t\t<\/div>\n\t\t\t\t<\/div>\n\t\t\t\t<\/div>\n\t\t\t\t\t<\/div>\n\t\t\t\t<\/div>\n\t\t\t\t<\/div>\n\t\t<\/div>\n\t\t\t\t\t\t<\/div>\n\t\t\t\t<\/div>\n\t\t\t\t<\/div>\n\t\t\t\t<\/div>\n\t\t","protected":false},"excerpt":{"rendered":"<p>Informationen zu Messen IPM IPM-Messe in Essen. Elmia-Garten Messe in J\u00f6nk\u00f6ping. Handelsplatz Pflanzenmesse in Odense. Kontaktieren Sie uns hier<\/p>\n","protected":false},"author":5,"featured_media":0,"parent":0,"menu_order":1014,"comment_status":"closed","ping_status":"closed","template":"","meta":{"_acf_changed":false,"footnotes":""},"categories":[],"class_list":["post-10406","page","type-page","status-publish"],"acf":[],"yoast_head":"<!-- This site is optimized with the Yoast SEO plugin v27.3 - https:\/\/yoast.com\/product\/yoast-seo-wordpress\/ -->\n<title>Messen | DanBlumen A\/S<\/title>\n<meta name=\"robots\" content=\"index, follow, max-snippet:-1, max-image-preview:large, max-video-preview:-1\" \/>\n<link rel=\"canonical\" href=\"https:\/\/danblumen.com\/de\/messen\/\" \/>\n<meta property=\"og:locale\" content=\"de_DE\" \/>\n<meta property=\"og:type\" content=\"article\" \/>\n<meta property=\"og:title\" content=\"Messen | DanBlumen A\/S\" \/>\n<meta property=\"og:description\" content=\"Informationen zu Messen IPM IPM-Messe in Essen. Elmia-Garten Messe in J\u00f6nk\u00f6ping. Handelsplatz Pflanzenmesse in Odense. Kontaktieren Sie uns hier\" \/>\n<meta property=\"og:url\" content=\"https:\/\/danblumen.com\/de\/messen\/\" \/>\n<meta property=\"og:site_name\" content=\"DanBlumen A\/S\" \/>\n<meta property=\"article:modified_time\" content=\"2025-10-08T05:28:54+00:00\" \/>\n<meta name=\"twitter:card\" content=\"summary_large_image\" \/>\n<script type=\"application\/ld+json\" class=\"yoast-schema-graph\">{\"@context\":\"https:\\\/\\\/schema.org\",\"@graph\":[{\"@type\":\"WebPage\",\"@id\":\"https:\\\/\\\/danblumen.com\\\/de\\\/messen\\\/\",\"url\":\"https:\\\/\\\/danblumen.com\\\/de\\\/messen\\\/\",\"name\":\"Messen | DanBlumen A\\\/S\",\"isPartOf\":{\"@id\":\"https:\\\/\\\/danblumen.com\\\/de\\\/#website\"},\"datePublished\":\"2025-08-18T06:53:58+00:00\",\"dateModified\":\"2025-10-08T05:28:54+00:00\",\"breadcrumb\":{\"@id\":\"https:\\\/\\\/danblumen.com\\\/de\\\/messen\\\/#breadcrumb\"},\"inLanguage\":\"de\",\"potentialAction\":[{\"@type\":\"ReadAction\",\"target\":[\"https:\\\/\\\/danblumen.com\\\/de\\\/messen\\\/\"]}]},{\"@type\":\"BreadcrumbList\",\"@id\":\"https:\\\/\\\/danblumen.com\\\/de\\\/messen\\\/#breadcrumb\",\"itemListElement\":[{\"@type\":\"ListItem\",\"position\":1,\"name\":\"Forside\",\"item\":\"https:\\\/\\\/danblumen.com\\\/de\\\/?page_id=10610\"},{\"@type\":\"ListItem\",\"position\":2,\"name\":\"Messen\"}]},{\"@type\":\"WebSite\",\"@id\":\"https:\\\/\\\/danblumen.com\\\/de\\\/#website\",\"url\":\"https:\\\/\\\/danblumen.com\\\/de\\\/\",\"name\":\"DanBlumen A\\\/S\",\"description\":\"Engrosvirksomhed inden for danske planter\",\"publisher\":{\"@id\":\"https:\\\/\\\/danblumen.com\\\/de\\\/#organization\"},\"potentialAction\":[{\"@type\":\"SearchAction\",\"target\":{\"@type\":\"EntryPoint\",\"urlTemplate\":\"https:\\\/\\\/danblumen.com\\\/de\\\/?s={search_term_string}\"},\"query-input\":{\"@type\":\"PropertyValueSpecification\",\"valueRequired\":true,\"valueName\":\"search_term_string\"}}],\"inLanguage\":\"de\"},{\"@type\":\"Organization\",\"@id\":\"https:\\\/\\\/danblumen.com\\\/de\\\/#organization\",\"name\":\"DanBlumen A\\\/S\",\"url\":\"https:\\\/\\\/danblumen.com\\\/de\\\/\",\"logo\":{\"@type\":\"ImageObject\",\"inLanguage\":\"de\",\"@id\":\"https:\\\/\\\/danblumen.com\\\/de\\\/#\\\/schema\\\/logo\\\/image\\\/\",\"url\":\"https:\\\/\\\/danblumen.com\\\/wp-content\\\/uploads\\\/2022\\\/03\\\/danblumen-logo.svg\",\"contentUrl\":\"https:\\\/\\\/danblumen.com\\\/wp-content\\\/uploads\\\/2022\\\/03\\\/danblumen-logo.svg\",\"width\":284,\"height\":75,\"caption\":\"DanBlumen A\\\/S\"},\"image\":{\"@id\":\"https:\\\/\\\/danblumen.com\\\/de\\\/#\\\/schema\\\/logo\\\/image\\\/\"}}]}<\/script>\n<!-- \/ Yoast SEO plugin. -->","yoast_head_json":{"title":"Messen | DanBlumen A\/S","robots":{"index":"index","follow":"follow","max-snippet":"max-snippet:-1","max-image-preview":"max-image-preview:large","max-video-preview":"max-video-preview:-1"},"canonical":"https:\/\/danblumen.com\/de\/messen\/","og_locale":"de_DE","og_type":"article","og_title":"Messen | DanBlumen A\/S","og_description":"Informationen zu Messen IPM IPM-Messe in Essen. Elmia-Garten Messe in J\u00f6nk\u00f6ping. Handelsplatz Pflanzenmesse in Odense. Kontaktieren Sie uns hier","og_url":"https:\/\/danblumen.com\/de\/messen\/","og_site_name":"DanBlumen A\/S","article_modified_time":"2025-10-08T05:28:54+00:00","twitter_card":"summary_large_image","schema":{"@context":"https:\/\/schema.org","@graph":[{"@type":"WebPage","@id":"https:\/\/danblumen.com\/de\/messen\/","url":"https:\/\/danblumen.com\/de\/messen\/","name":"Messen | DanBlumen A\/S","isPartOf":{"@id":"https:\/\/danblumen.com\/de\/#website"},"datePublished":"2025-08-18T06:53:58+00:00","dateModified":"2025-10-08T05:28:54+00:00","breadcrumb":{"@id":"https:\/\/danblumen.com\/de\/messen\/#breadcrumb"},"inLanguage":"de","potentialAction":[{"@type":"ReadAction","target":["https:\/\/danblumen.com\/de\/messen\/"]}]},{"@type":"BreadcrumbList","@id":"https:\/\/danblumen.com\/de\/messen\/#breadcrumb","itemListElement":[{"@type":"ListItem","position":1,"name":"Forside","item":"https:\/\/danblumen.com\/de\/?page_id=10610"},{"@type":"ListItem","position":2,"name":"Messen"}]},{"@type":"WebSite","@id":"https:\/\/danblumen.com\/de\/#website","url":"https:\/\/danblumen.com\/de\/","name":"DanBlumen A\/S","description":"Engrosvirksomhed inden for danske planter","publisher":{"@id":"https:\/\/danblumen.com\/de\/#organization"},"potentialAction":[{"@type":"SearchAction","target":{"@type":"EntryPoint","urlTemplate":"https:\/\/danblumen.com\/de\/?s={search_term_string}"},"query-input":{"@type":"PropertyValueSpecification","valueRequired":true,"valueName":"search_term_string"}}],"inLanguage":"de"},{"@type":"Organization","@id":"https:\/\/danblumen.com\/de\/#organization","name":"DanBlumen A\/S","url":"https:\/\/danblumen.com\/de\/","logo":{"@type":"ImageObject","inLanguage":"de","@id":"https:\/\/danblumen.com\/de\/#\/schema\/logo\/image\/","url":"https:\/\/danblumen.com\/wp-content\/uploads\/2022\/03\/danblumen-logo.svg","contentUrl":"https:\/\/danblumen.com\/wp-content\/uploads\/2022\/03\/danblumen-logo.svg","width":284,"height":75,"caption":"DanBlumen A\/S"},"image":{"@id":"https:\/\/danblumen.com\/de\/#\/schema\/logo\/image\/"}}]}},"_links":{"self":[{"href":"https:\/\/danblumen.com\/de\/wp-json\/wp\/v2\/pages\/10406","targetHints":{"allow":["GET"]}}],"collection":[{"href":"https:\/\/danblumen.com\/de\/wp-json\/wp\/v2\/pages"}],"about":[{"href":"https:\/\/danblumen.com\/de\/wp-json\/wp\/v2\/types\/page"}],"author":[{"embeddable":true,"href":"https:\/\/danblumen.com\/de\/wp-json\/wp\/v2\/users\/5"}],"replies":[{"embeddable":true,"href":"https:\/\/danblumen.com\/de\/wp-json\/wp\/v2\/comments?post=10406"}],"version-history":[{"count":2,"href":"https:\/\/danblumen.com\/de\/wp-json\/wp\/v2\/pages\/10406\/revisions"}],"predecessor-version":[{"id":10412,"href":"https:\/\/danblumen.com\/de\/wp-json\/wp\/v2\/pages\/10406\/revisions\/10412"}],"wp:attachment":[{"href":"https:\/\/danblumen.com\/de\/wp-json\/wp\/v2\/media?parent=10406"}],"wp:term":[{"taxonomy":"category","embeddable":true,"href":"https:\/\/danblumen.com\/de\/wp-json\/wp\/v2\/categories?post=10406"}],"curies":[{"name":"wp","href":"https:\/\/api.w.org\/{rel}","templated":true}]}}